{"id":405,"date":"2024-01-12T15:36:32","date_gmt":"2024-01-12T14:36:32","guid":{"rendered":"https:\/\/matispet.com\/about-us\/"},"modified":"2026-04-14T13:52:47","modified_gmt":"2026-04-14T11:52:47","slug":"about-us","status":"publish","type":"page","link":"https:\/\/matispet.com\/en\/about-us\/","title":{"rendered":"About us"},"content":{"rendered":"","protected":false},"excerpt":{"rendered":"<p> [&#8230;]<\/p>\n<p><a class=\"btn btn-secondary virtualna-read-more-link\" href=\"https:\/\/matispet.com\/en\/about-us\/\">Read More&#8230;<span class=\"screen-reader-text\"> from About us<\/span><\/a><\/p>\n","protected":false},"author":1,"featured_media":0,"parent":0,"menu_order":0,"comment_status":"closed","ping_status":"closed","template":"page-templates\/about.php","meta":{"_acf_changed":false,"footnotes":""},"class_list":["post-405","page","type-page","status-publish","hentry"],"acf":[],"yoast_head":"<!-- This site is optimized with the Yoast SEO plugin v27.0 - https:\/\/yoast.com\/product\/yoast-seo-wordpress\/ -->\n<title>About us - Matis Pet - Manufacturer of dog gear<\/title>\n<meta name=\"description\" content=\"Saznajte vi\u0161e o Matis Pet, na\u0161oj povijesti, misiji i posve\u0107enosti pru\u017eanju najbolje opreme za va\u0161e ku\u0107ne ljubimce.\" \/>\n<meta name=\"robots\" content=\"index, follow, max-snippet:-1, max-image-preview:large, max-video-preview:-1\" \/>\n<link rel=\"canonical\" href=\"https:\/\/matispet.com\/en\/about-us\/\" \/>\n<meta property=\"og:locale\" content=\"en_US\" \/>\n<meta property=\"og:type\" content=\"article\" \/>\n<meta property=\"og:title\" content=\"About us - Matis Pet - Manufacturer of dog gear\" \/>\n<meta property=\"og:description\" content=\"Saznajte vi\u0161e o Matis Pet, na\u0161oj povijesti, misiji i posve\u0107enosti pru\u017eanju najbolje opreme za va\u0161e ku\u0107ne ljubimce.\" \/>\n<meta property=\"og:url\" content=\"https:\/\/matispet.com\/en\/about-us\/\" \/>\n<meta property=\"og:site_name\" content=\"Matis Pet\" \/>\n<meta property=\"article:publisher\" content=\"https:\/\/www.facebook.com\/matispet.official\/?ref=embed_page\" \/>\n<meta property=\"article:modified_time\" content=\"2026-04-14T11:52:47+00:00\" \/>\n<meta property=\"og:image\" content=\"https:\/\/matispet.com\/wp-content\/uploads\/2024\/01\/matis-pet-webshop.jpg\" \/>\n\t<meta property=\"og:image:width\" content=\"1200\" \/>\n\t<meta property=\"og:image:height\" content=\"675\" \/>\n\t<meta property=\"og:image:type\" content=\"image\/jpeg\" \/>\n<meta name=\"twitter:card\" content=\"summary_large_image\" \/>\n<script type=\"application\/ld+json\" class=\"yoast-schema-graph\">{\"@context\":\"https:\/\/schema.org\",\"@graph\":[{\"@type\":\"WebPage\",\"@id\":\"https:\/\/matispet.com\/en\/about-us\/\",\"url\":\"https:\/\/matispet.com\/en\/about-us\/\",\"name\":\"About us - Matis Pet - Manufacturer of dog gear\",\"isPartOf\":{\"@id\":\"https:\/\/matispet.com\/#website\"},\"datePublished\":\"2024-01-12T14:36:32+00:00\",\"dateModified\":\"2026-04-14T11:52:47+00:00\",\"description\":\"Saznajte vi\u0161e o Matis Pet, na\u0161oj povijesti, misiji i posve\u0107enosti pru\u017eanju najbolje opreme za va\u0161e ku\u0107ne ljubimce.\",\"breadcrumb\":{\"@id\":\"https:\/\/matispet.com\/en\/about-us\/#breadcrumb\"},\"inLanguage\":\"en-US\",\"potentialAction\":[{\"@type\":\"ReadAction\",\"target\":[\"https:\/\/matispet.com\/en\/about-us\/\"]}]},{\"@type\":\"BreadcrumbList\",\"@id\":\"https:\/\/matispet.com\/en\/about-us\/#breadcrumb\",\"itemListElement\":[{\"@type\":\"ListItem\",\"position\":1,\"name\":\"Po\u010detna stranica\",\"item\":\"https:\/\/matispet.com\/en\/\"},{\"@type\":\"ListItem\",\"position\":2,\"name\":\"About us\"}]},{\"@type\":\"WebSite\",\"@id\":\"https:\/\/matispet.com\/#website\",\"url\":\"https:\/\/matispet.com\/\",\"name\":\"Matis Pet\",\"description\":\"Manufacturer of dog gear\",\"publisher\":{\"@id\":\"https:\/\/matispet.com\/#organization\"},\"potentialAction\":[{\"@type\":\"SearchAction\",\"target\":{\"@type\":\"EntryPoint\",\"urlTemplate\":\"https:\/\/matispet.com\/?s={search_term_string}\"},\"query-input\":{\"@type\":\"PropertyValueSpecification\",\"valueRequired\":true,\"valueName\":\"search_term_string\"}}],\"inLanguage\":\"en-US\"},{\"@type\":\"Organization\",\"@id\":\"https:\/\/matispet.com\/#organization\",\"name\":\"Matis Pet Online shop\",\"url\":\"https:\/\/matispet.com\/\",\"logo\":{\"@type\":\"ImageObject\",\"inLanguage\":\"en-US\",\"@id\":\"https:\/\/matispet.com\/#\/schema\/logo\/image\/\",\"url\":\"https:\/\/matispet.com\/wp-content\/uploads\/2024\/01\/matis-pet-webshop-org.jpg\",\"contentUrl\":\"https:\/\/matispet.com\/wp-content\/uploads\/2024\/01\/matis-pet-webshop-org.jpg\",\"width\":696,\"height\":696,\"caption\":\"Matis Pet Online shop\"},\"image\":{\"@id\":\"https:\/\/matispet.com\/#\/schema\/logo\/image\/\"},\"sameAs\":[\"https:\/\/www.facebook.com\/matispet.official\/?ref=embed_page\",\"https:\/\/www.instagram.com\/matispet\/\"]}]}<\/script>\n<!-- \/ Yoast SEO plugin. -->","yoast_head_json":{"title":"About us - Matis Pet - Manufacturer of dog gear","description":"Saznajte vi\u0161e o Matis Pet, na\u0161oj povijesti, misiji i posve\u0107enosti pru\u017eanju najbolje opreme za va\u0161e ku\u0107ne ljubimce.","robots":{"index":"index","follow":"follow","max-snippet":"max-snippet:-1","max-image-preview":"max-image-preview:large","max-video-preview":"max-video-preview:-1"},"canonical":"https:\/\/matispet.com\/en\/about-us\/","og_locale":"en_US","og_type":"article","og_title":"About us - Matis Pet - Manufacturer of dog gear","og_description":"Saznajte vi\u0161e o Matis Pet, na\u0161oj povijesti, misiji i posve\u0107enosti pru\u017eanju najbolje opreme za va\u0161e ku\u0107ne ljubimce.","og_url":"https:\/\/matispet.com\/en\/about-us\/","og_site_name":"Matis Pet","article_publisher":"https:\/\/www.facebook.com\/matispet.official\/?ref=embed_page","article_modified_time":"2026-04-14T11:52:47+00:00","og_image":[{"width":1200,"height":675,"url":"https:\/\/matispet.com\/wp-content\/uploads\/2024\/01\/matis-pet-webshop.jpg","type":"image\/jpeg"}],"twitter_card":"summary_large_image","schema":{"@context":"https:\/\/schema.org","@graph":[{"@type":"WebPage","@id":"https:\/\/matispet.com\/en\/about-us\/","url":"https:\/\/matispet.com\/en\/about-us\/","name":"About us - Matis Pet - Manufacturer of dog gear","isPartOf":{"@id":"https:\/\/matispet.com\/#website"},"datePublished":"2024-01-12T14:36:32+00:00","dateModified":"2026-04-14T11:52:47+00:00","description":"Saznajte vi\u0161e o Matis Pet, na\u0161oj povijesti, misiji i posve\u0107enosti pru\u017eanju najbolje opreme za va\u0161e ku\u0107ne ljubimce.","breadcrumb":{"@id":"https:\/\/matispet.com\/en\/about-us\/#breadcrumb"},"inLanguage":"en-US","potentialAction":[{"@type":"ReadAction","target":["https:\/\/matispet.com\/en\/about-us\/"]}]},{"@type":"BreadcrumbList","@id":"https:\/\/matispet.com\/en\/about-us\/#breadcrumb","itemListElement":[{"@type":"ListItem","position":1,"name":"Po\u010detna stranica","item":"https:\/\/matispet.com\/en\/"},{"@type":"ListItem","position":2,"name":"About us"}]},{"@type":"WebSite","@id":"https:\/\/matispet.com\/#website","url":"https:\/\/matispet.com\/","name":"Matis Pet","description":"Manufacturer of dog gear","publisher":{"@id":"https:\/\/matispet.com\/#organization"},"potentialAction":[{"@type":"SearchAction","target":{"@type":"EntryPoint","urlTemplate":"https:\/\/matispet.com\/?s={search_term_string}"},"query-input":{"@type":"PropertyValueSpecification","valueRequired":true,"valueName":"search_term_string"}}],"inLanguage":"en-US"},{"@type":"Organization","@id":"https:\/\/matispet.com\/#organization","name":"Matis Pet Online shop","url":"https:\/\/matispet.com\/","logo":{"@type":"ImageObject","inLanguage":"en-US","@id":"https:\/\/matispet.com\/#\/schema\/logo\/image\/","url":"https:\/\/matispet.com\/wp-content\/uploads\/2024\/01\/matis-pet-webshop-org.jpg","contentUrl":"https:\/\/matispet.com\/wp-content\/uploads\/2024\/01\/matis-pet-webshop-org.jpg","width":696,"height":696,"caption":"Matis Pet Online shop"},"image":{"@id":"https:\/\/matispet.com\/#\/schema\/logo\/image\/"},"sameAs":["https:\/\/www.facebook.com\/matispet.official\/?ref=embed_page","https:\/\/www.instagram.com\/matispet\/"]}]}},"_links":{"self":[{"href":"https:\/\/matispet.com\/en\/wp-json\/wp\/v2\/pages\/405","targetHints":{"allow":["GET"]}}],"collection":[{"href":"https:\/\/matispet.com\/en\/wp-json\/wp\/v2\/pages"}],"about":[{"href":"https:\/\/matispet.com\/en\/wp-json\/wp\/v2\/types\/page"}],"author":[{"embeddable":true,"href":"https:\/\/matispet.com\/en\/wp-json\/wp\/v2\/users\/1"}],"replies":[{"embeddable":true,"href":"https:\/\/matispet.com\/en\/wp-json\/wp\/v2\/comments?post=405"}],"version-history":[{"count":2,"href":"https:\/\/matispet.com\/en\/wp-json\/wp\/v2\/pages\/405\/revisions"}],"predecessor-version":[{"id":16419,"href":"https:\/\/matispet.com\/en\/wp-json\/wp\/v2\/pages\/405\/revisions\/16419"}],"wp:attachment":[{"href":"https:\/\/matispet.com\/en\/wp-json\/wp\/v2\/media?parent=405"}],"curies":[{"name":"wp","href":"https:\/\/api.w.org\/{rel}","templated":true}]}}