{"id":407,"date":"2024-01-12T16:45:02","date_gmt":"2024-01-12T15:45:02","guid":{"rendered":"https:\/\/matispet.com\/catalog\/"},"modified":"2024-05-02T13:03:03","modified_gmt":"2024-05-02T11:03:03","slug":"catalog","status":"publish","type":"page","link":"https:\/\/matispet.com\/en\/catalog\/","title":{"rendered":"Catalog"},"content":{"rendered":"","protected":false},"excerpt":{"rendered":"<p> [&#8230;]<\/p>\n<p><a class=\"btn btn-secondary virtualna-read-more-link\" href=\"https:\/\/matispet.com\/en\/catalog\/\">Read More&#8230;<span class=\"screen-reader-text\"> from Catalog<\/span><\/a><\/p>\n","protected":false},"author":1,"featured_media":350,"parent":0,"menu_order":0,"comment_status":"closed","ping_status":"closed","template":"page-templates\/catalog.php","meta":{"_acf_changed":false,"footnotes":""},"class_list":["post-407","page","type-page","status-publish","has-post-thumbnail","hentry"],"acf":[],"yoast_head":"<!-- This site is optimized with the Yoast SEO plugin v27.0 - https:\/\/yoast.com\/product\/yoast-seo-wordpress\/ -->\n<title>Catalog - Matis Pet - Manufacturer of dog gear<\/title>\n<meta name=\"description\" content=\"Preuzmite na\u0161 pet shop katalog proizvoda i saznajte vi\u0161e o na\u0161oj kompletnoj ponudi opreme za pse.\" \/>\n<meta name=\"robots\" content=\"index, follow, max-snippet:-1, max-image-preview:large, max-video-preview:-1\" \/>\n<link rel=\"canonical\" href=\"https:\/\/matispet.com\/katalog\/\" \/>\n<meta property=\"og:locale\" content=\"en_US\" \/>\n<meta property=\"og:type\" content=\"article\" \/>\n<meta property=\"og:title\" content=\"Catalog - Matis Pet - Manufacturer of dog gear\" \/>\n<meta property=\"og:description\" content=\"Preuzmite na\u0161 pet shop katalog proizvoda i saznajte vi\u0161e o na\u0161oj kompletnoj ponudi opreme za pse.\" \/>\n<meta property=\"og:url\" content=\"https:\/\/matispet.com\/katalog\/\" \/>\n<meta property=\"og:site_name\" content=\"Matis Pet\" \/>\n<meta property=\"article:publisher\" content=\"https:\/\/www.facebook.com\/matispet.official\/?ref=embed_page\" \/>\n<meta property=\"article:modified_time\" content=\"2024-05-02T11:03:03+00:00\" \/>\n<meta property=\"og:image\" content=\"https:\/\/matispet.com\/wp-content\/uploads\/2024\/01\/crno-bijeli-coli.jpeg\" \/>\n\t<meta property=\"og:image:width\" content=\"996\" \/>\n\t<meta property=\"og:image:height\" content=\"665\" \/>\n\t<meta property=\"og:image:type\" content=\"image\/jpeg\" \/>\n<meta name=\"twitter:card\" content=\"summary_large_image\" \/>\n<script type=\"application\/ld+json\" class=\"yoast-schema-graph\">{\"@context\":\"https:\/\/schema.org\",\"@graph\":[{\"@type\":\"WebPage\",\"@id\":\"https:\/\/matispet.com\/katalog\/\",\"url\":\"https:\/\/matispet.com\/katalog\/\",\"name\":\"Catalog - Matis Pet - Manufacturer of dog gear\",\"isPartOf\":{\"@id\":\"https:\/\/matispet.com\/#website\"},\"primaryImageOfPage\":{\"@id\":\"https:\/\/matispet.com\/katalog\/#primaryimage\"},\"image\":{\"@id\":\"https:\/\/matispet.com\/katalog\/#primaryimage\"},\"thumbnailUrl\":\"https:\/\/matispet.com\/wp-content\/uploads\/2024\/01\/crno-bijeli-coli.jpeg\",\"datePublished\":\"2024-01-12T15:45:02+00:00\",\"dateModified\":\"2024-05-02T11:03:03+00:00\",\"description\":\"Preuzmite na\u0161 pet shop katalog proizvoda i saznajte vi\u0161e o na\u0161oj kompletnoj ponudi opreme za pse.\",\"breadcrumb\":{\"@id\":\"https:\/\/matispet.com\/katalog\/#breadcrumb\"},\"inLanguage\":\"en-US\",\"potentialAction\":[{\"@type\":\"ReadAction\",\"target\":[\"https:\/\/matispet.com\/katalog\/\"]}]},{\"@type\":\"ImageObject\",\"inLanguage\":\"en-US\",\"@id\":\"https:\/\/matispet.com\/katalog\/#primaryimage\",\"url\":\"https:\/\/matispet.com\/wp-content\/uploads\/2024\/01\/crno-bijeli-coli.jpeg\",\"contentUrl\":\"https:\/\/matispet.com\/wp-content\/uploads\/2024\/01\/crno-bijeli-coli.jpeg\",\"width\":996,\"height\":665},{\"@type\":\"BreadcrumbList\",\"@id\":\"https:\/\/matispet.com\/katalog\/#breadcrumb\",\"itemListElement\":[{\"@type\":\"ListItem\",\"position\":1,\"name\":\"Po\u010detna stranica\",\"item\":\"https:\/\/matispet.com\/en\/\"},{\"@type\":\"ListItem\",\"position\":2,\"name\":\"Catalog\"}]},{\"@type\":\"WebSite\",\"@id\":\"https:\/\/matispet.com\/#website\",\"url\":\"https:\/\/matispet.com\/\",\"name\":\"Matis Pet\",\"description\":\"Manufacturer of dog gear\",\"publisher\":{\"@id\":\"https:\/\/matispet.com\/#organization\"},\"potentialAction\":[{\"@type\":\"SearchAction\",\"target\":{\"@type\":\"EntryPoint\",\"urlTemplate\":\"https:\/\/matispet.com\/?s={search_term_string}\"},\"query-input\":{\"@type\":\"PropertyValueSpecification\",\"valueRequired\":true,\"valueName\":\"search_term_string\"}}],\"inLanguage\":\"en-US\"},{\"@type\":\"Organization\",\"@id\":\"https:\/\/matispet.com\/#organization\",\"name\":\"Matis Pet Online shop\",\"url\":\"https:\/\/matispet.com\/\",\"logo\":{\"@type\":\"ImageObject\",\"inLanguage\":\"en-US\",\"@id\":\"https:\/\/matispet.com\/#\/schema\/logo\/image\/\",\"url\":\"https:\/\/matispet.com\/wp-content\/uploads\/2024\/01\/matis-pet-webshop-org.jpg\",\"contentUrl\":\"https:\/\/matispet.com\/wp-content\/uploads\/2024\/01\/matis-pet-webshop-org.jpg\",\"width\":696,\"height\":696,\"caption\":\"Matis Pet Online shop\"},\"image\":{\"@id\":\"https:\/\/matispet.com\/#\/schema\/logo\/image\/\"},\"sameAs\":[\"https:\/\/www.facebook.com\/matispet.official\/?ref=embed_page\",\"https:\/\/www.instagram.com\/matispet\/\"]}]}<\/script>\n<!-- \/ Yoast SEO plugin. -->","yoast_head_json":{"title":"Catalog - Matis Pet - Manufacturer of dog gear","description":"Preuzmite na\u0161 pet shop katalog proizvoda i saznajte vi\u0161e o na\u0161oj kompletnoj ponudi opreme za pse.","robots":{"index":"index","follow":"follow","max-snippet":"max-snippet:-1","max-image-preview":"max-image-preview:large","max-video-preview":"max-video-preview:-1"},"canonical":"https:\/\/matispet.com\/katalog\/","og_locale":"en_US","og_type":"article","og_title":"Catalog - Matis Pet - Manufacturer of dog gear","og_description":"Preuzmite na\u0161 pet shop katalog proizvoda i saznajte vi\u0161e o na\u0161oj kompletnoj ponudi opreme za pse.","og_url":"https:\/\/matispet.com\/katalog\/","og_site_name":"Matis Pet","article_publisher":"https:\/\/www.facebook.com\/matispet.official\/?ref=embed_page","article_modified_time":"2024-05-02T11:03:03+00:00","og_image":[{"width":996,"height":665,"url":"https:\/\/matispet.com\/wp-content\/uploads\/2024\/01\/crno-bijeli-coli.jpeg","type":"image\/jpeg"}],"twitter_card":"summary_large_image","schema":{"@context":"https:\/\/schema.org","@graph":[{"@type":"WebPage","@id":"https:\/\/matispet.com\/katalog\/","url":"https:\/\/matispet.com\/katalog\/","name":"Catalog - Matis Pet - Manufacturer of dog gear","isPartOf":{"@id":"https:\/\/matispet.com\/#website"},"primaryImageOfPage":{"@id":"https:\/\/matispet.com\/katalog\/#primaryimage"},"image":{"@id":"https:\/\/matispet.com\/katalog\/#primaryimage"},"thumbnailUrl":"https:\/\/matispet.com\/wp-content\/uploads\/2024\/01\/crno-bijeli-coli.jpeg","datePublished":"2024-01-12T15:45:02+00:00","dateModified":"2024-05-02T11:03:03+00:00","description":"Preuzmite na\u0161 pet shop katalog proizvoda i saznajte vi\u0161e o na\u0161oj kompletnoj ponudi opreme za pse.","breadcrumb":{"@id":"https:\/\/matispet.com\/katalog\/#breadcrumb"},"inLanguage":"en-US","potentialAction":[{"@type":"ReadAction","target":["https:\/\/matispet.com\/katalog\/"]}]},{"@type":"ImageObject","inLanguage":"en-US","@id":"https:\/\/matispet.com\/katalog\/#primaryimage","url":"https:\/\/matispet.com\/wp-content\/uploads\/2024\/01\/crno-bijeli-coli.jpeg","contentUrl":"https:\/\/matispet.com\/wp-content\/uploads\/2024\/01\/crno-bijeli-coli.jpeg","width":996,"height":665},{"@type":"BreadcrumbList","@id":"https:\/\/matispet.com\/katalog\/#breadcrumb","itemListElement":[{"@type":"ListItem","position":1,"name":"Po\u010detna stranica","item":"https:\/\/matispet.com\/en\/"},{"@type":"ListItem","position":2,"name":"Catalog"}]},{"@type":"WebSite","@id":"https:\/\/matispet.com\/#website","url":"https:\/\/matispet.com\/","name":"Matis Pet","description":"Manufacturer of dog gear","publisher":{"@id":"https:\/\/matispet.com\/#organization"},"potentialAction":[{"@type":"SearchAction","target":{"@type":"EntryPoint","urlTemplate":"https:\/\/matispet.com\/?s={search_term_string}"},"query-input":{"@type":"PropertyValueSpecification","valueRequired":true,"valueName":"search_term_string"}}],"inLanguage":"en-US"},{"@type":"Organization","@id":"https:\/\/matispet.com\/#organization","name":"Matis Pet Online shop","url":"https:\/\/matispet.com\/","logo":{"@type":"ImageObject","inLanguage":"en-US","@id":"https:\/\/matispet.com\/#\/schema\/logo\/image\/","url":"https:\/\/matispet.com\/wp-content\/uploads\/2024\/01\/matis-pet-webshop-org.jpg","contentUrl":"https:\/\/matispet.com\/wp-content\/uploads\/2024\/01\/matis-pet-webshop-org.jpg","width":696,"height":696,"caption":"Matis Pet Online shop"},"image":{"@id":"https:\/\/matispet.com\/#\/schema\/logo\/image\/"},"sameAs":["https:\/\/www.facebook.com\/matispet.official\/?ref=embed_page","https:\/\/www.instagram.com\/matispet\/"]}]}},"_links":{"self":[{"href":"https:\/\/matispet.com\/en\/wp-json\/wp\/v2\/pages\/407","targetHints":{"allow":["GET"]}}],"collection":[{"href":"https:\/\/matispet.com\/en\/wp-json\/wp\/v2\/pages"}],"about":[{"href":"https:\/\/matispet.com\/en\/wp-json\/wp\/v2\/types\/page"}],"author":[{"embeddable":true,"href":"https:\/\/matispet.com\/en\/wp-json\/wp\/v2\/users\/1"}],"replies":[{"embeddable":true,"href":"https:\/\/matispet.com\/en\/wp-json\/wp\/v2\/comments?post=407"}],"version-history":[{"count":1,"href":"https:\/\/matispet.com\/en\/wp-json\/wp\/v2\/pages\/407\/revisions"}],"predecessor-version":[{"id":408,"href":"https:\/\/matispet.com\/en\/wp-json\/wp\/v2\/pages\/407\/revisions\/408"}],"wp:featuredmedia":[{"embeddable":true,"href":"https:\/\/matispet.com\/en\/wp-json\/wp\/v2\/media\/350"}],"wp:attachment":[{"href":"https:\/\/matispet.com\/en\/wp-json\/wp\/v2\/media?parent=407"}],"curies":[{"name":"wp","href":"https:\/\/api.w.org\/{rel}","templated":true}]}}